{"id":2,"date":"2009-09-17T19:30:36","date_gmt":"2009-09-17T17:30:36","guid":{"rendered":"http:\/\/www.tcgenthod.ch\/?page_id=2"},"modified":"2021-02-23T14:48:32","modified_gmt":"2021-02-23T13:48:32","slug":"about","status":"publish","type":"page","link":"https:\/\/www.tcgenthod.ch\/?page_id=2","title":{"rendered":"About"},"content":{"rendered":"<p id=\"top\" \/><p>Le site du Tennis Club de Genthod est utilis\u00e9 pour informer ses membres et recevoir leurs commentaires.<br>\nSon utilisation doit respecter les r\u00e8gles usuelles de biens\u00e9ance et tout abus sera sanctionn\u00e9.<\/p>\n\n\n<p>Pour nous contacter, vous pouvez envoyer un message en cliquant ici:  <a href=\"mailto:info@tcgenthod.ch\"> envoyer un message <\/a><\/p>\n","protected":false},"excerpt":{"rendered":"<p>Le site du Tennis Club de Genthod est utilis\u00e9 pour informer ses membres et recevoir leurs commentaires. Son utilisation doit respecter les r\u00e8gles usuelles de biens\u00e9ance et tout abus sera sanctionn\u00e9. Pour nous contacter, vous pouvez envoyer un message en cliquant ici: envoyer un message<\/p>\n","protected":false},"author":1,"featured_media":0,"parent":0,"menu_order":0,"comment_status":"open","ping_status":"open","template":"","meta":{"footnotes":""},"class_list":["post-2","page","type-page","status-publish","hentry"],"_links":{"self":[{"href":"https:\/\/www.tcgenthod.ch\/index.php?rest_route=\/wp\/v2\/pages\/2","targetHints":{"allow":["GET"]}}],"collection":[{"href":"https:\/\/www.tcgenthod.ch\/index.php?rest_route=\/wp\/v2\/pages"}],"about":[{"href":"https:\/\/www.tcgenthod.ch\/index.php?rest_route=\/wp\/v2\/types\/page"}],"author":[{"embeddable":true,"href":"https:\/\/www.tcgenthod.ch\/index.php?rest_route=\/wp\/v2\/users\/1"}],"replies":[{"embeddable":true,"href":"https:\/\/www.tcgenthod.ch\/index.php?rest_route=%2Fwp%2Fv2%2Fcomments&post=2"}],"version-history":[{"count":6,"href":"https:\/\/www.tcgenthod.ch\/index.php?rest_route=\/wp\/v2\/pages\/2\/revisions"}],"predecessor-version":[{"id":942,"href":"https:\/\/www.tcgenthod.ch\/index.php?rest_route=\/wp\/v2\/pages\/2\/revisions\/942"}],"wp:attachment":[{"href":"https:\/\/www.tcgenthod.ch\/index.php?rest_route=%2Fwp%2Fv2%2Fmedia&parent=2"}],"curies":[{"name":"wp","href":"https:\/\/api.w.org\/{rel}","templated":true}]}}