{"id":46,"date":"2009-11-26T00:23:34","date_gmt":"2009-11-25T23:23:34","guid":{"rendered":"http:\/\/www.tcgenthod.ch\/?page_id=46"},"modified":"2022-11-09T23:16:01","modified_gmt":"2022-11-09T22:16:01","slug":"cotisations","status":"publish","type":"page","link":"http:\/\/www.tcgenthod.ch\/?page_id=46","title":{"rendered":"Cotisations"},"content":{"rendered":"<p id=\"top\" \/>\n<table style=\"height: 417px;\" border=\"0\" width=\"506\" cellspacing=\"0\" cellpadding=\"0\">\n<tbody>\n<tr>\n<td colspan=\"6\"><strong>Finances d&rsquo;entr\u00e9e (CHF) <\/strong><\/td>\n<\/tr>\n<tr>\n<td width=\"200\"><\/td>\n<td width=\"125\">\n<div><strong>Ages<\/strong><\/div>\n<\/td>\n<td colspan=\"2\" width=\"200\">\n<div><strong>Contribuables<br \/>\n\u00e0 Genthod<\/strong><\/div>\n<\/td>\n<td colspan=\"2\" width=\"100\">\n<div><strong>Autres<\/strong><\/div>\n<\/td>\n<\/tr>\n<tr>\n<td>Couples<\/td>\n<td><\/td>\n<td colspan=\"2\">\n<div>200.-<\/div>\n<\/td>\n<td colspan=\"2\">\n<div>200.-<\/div>\n<\/td>\n<\/tr>\n<tr>\n<td>Adultes<\/td>\n<td><\/td>\n<td colspan=\"2\">\n<div>120.-<\/div>\n<\/td>\n<td colspan=\"2\">\n<div>120.-<\/div>\n<\/td>\n<\/tr>\n<tr>\n<td>AVS<\/td>\n<td>\n<div>d\u00e8s 65\/64 ans<\/div>\n<\/td>\n<td colspan=\"2\">\n<div>100.-<\/div>\n<\/td>\n<td colspan=\"2\">\n<div>100.-<\/div>\n<\/td>\n<\/tr>\n<tr>\n<td>Etudiants \/ apprentis<\/td>\n<td>\n<div>Carte officielle<\/div>\n<\/td>\n<td colspan=\"2\">\n<div>100.-<\/div>\n<\/td>\n<td colspan=\"2\">\n<div>100.-<\/div>\n<\/td>\n<\/tr>\n<tr>\n<td>Juniors<\/td>\n<td>\n<div>12 \u00e0 20 ans<\/div>\n<\/td>\n<td colspan=\"2\">\n<div>50.-<\/div>\n<\/td>\n<td colspan=\"2\">\n<div>50.-<\/div>\n<\/td>\n<\/tr>\n<tr>\n<td>Minimes<\/td>\n<td>\n<div>jusqu&rsquo;\u00e0 11 ans<\/div>\n<\/td>\n<td colspan=\"2\">\n<div>20.-<\/div>\n<\/td>\n<td colspan=\"2\">\n<div>20.-<\/div>\n<\/td>\n<\/tr>\n<tr>\n<td colspan=\"6\"><\/td>\n<\/tr>\n<tr>\n<td colspan=\"6\"><strong>Cotisations (CHF) <\/strong><\/td>\n<\/tr>\n<tr>\n<td width=\"200\"><\/td>\n<td width=\"125\">\n<div><strong>Ages<\/strong><\/div>\n<\/td>\n<td colspan=\"2\" width=\"200\">\n<div><strong>Contribuables<br \/>\n\u00e0 Genthod<\/strong><\/div>\n<\/td>\n<td colspan=\"2\" width=\"100\">\n<div><strong>Autres<\/strong><\/div>\n<\/td>\n<\/tr>\n<tr>\n<td><\/td>\n<td><\/td>\n<td>Et\u00e9<\/td>\n<td>Annuel<\/td>\n<td>Et\u00e9<\/td>\n<td>\u00a0Annuel<\/td>\n<\/tr>\n<tr>\n<td>Couples<\/td>\n<td><\/td>\n<td>\n<div>350.-<\/div>\n<\/td>\n<td>540.-<\/td>\n<td>\n<div>420.-<\/div>\n<\/td>\n<td>\u00a0750.-<\/td>\n<\/tr>\n<tr>\n<td>Adultes<\/td>\n<td><\/td>\n<td>\n<div>250.-<\/div>\n<\/td>\n<td>310.-<\/td>\n<td>\n<div>300.-<\/div>\n<\/td>\n<td>\u00a0460.-<\/td>\n<\/tr>\n<tr>\n<td>AVS<\/td>\n<td>\n<div>d\u00e8s 65\/64 ans<\/div>\n<\/td>\n<td>\n<div>160.-<\/div>\n<\/td>\n<td>250.-<\/td>\n<td>\n<div>160.-<\/div>\n<\/td>\n<td>\u00a0350.-<\/td>\n<\/tr>\n<tr>\n<td>Etudiants \/ apprentis<\/td>\n<td>\n<div>Carte officielle<\/div>\n<\/td>\n<td>\n<div>160.-<\/div>\n<\/td>\n<td>220.-<\/td>\n<td>\n<div>160.-<\/div>\n<\/td>\n<td>\u00a0270.-<\/td>\n<\/tr>\n<tr>\n<td>Juniors<\/td>\n<td>\n<div>12 \u00e0 20 ans<\/div>\n<\/td>\n<td>\n<div>140.-<\/div>\n<\/td>\n<td>175.-<\/td>\n<td>\n<div>140.-<\/div>\n<\/td>\n<td>\u00a0210.-<\/td>\n<\/tr>\n<tr>\n<td>Minimes<\/td>\n<td>\n<div>jusqu&rsquo;\u00e0 11 ans<\/div>\n<\/td>\n<td>\n<div>80.-<\/div>\n<\/td>\n<td>130.-<\/td>\n<td>\n<div>80.-<\/div>\n<\/td>\n<td>\u00a0130.-<\/td>\n<\/tr>\n<\/tbody>\n<\/table>\n<table style=\"height: 21px;\" border=\"0\" width=\"505\" cellspacing=\"0\" cellpadding=\"0\">\n<tbody>\n<tr>\n<td style=\"color: #000000;\">Membres passifs<\/td>\n<td style=\"color: #000000;\"><\/td>\n<td style=\"color: #000000;\"><\/td>\n<td style=\"color: #000000; text-align: right;\">\u00a030.-<\/td>\n<td style=\"color: #000000;\"><\/td>\n<td style=\"color: #000000; text-align: right;\">30.-<\/td>\n<\/tr>\n<\/tbody>\n<\/table>\n<p>Il n&rsquo;est pas possible de faire de location \u00e0 l&rsquo;heure, seuls les membres du club peuvent jouer.<\/p>\n<p>De plus, veuillez prendre note que tous les enfants prenant des cours de tennis doivent \u00eatre membres du club. Si un enfant ne joue pas en dehors de son cours, il b\u00e9n\u00e9ficiera d&rsquo;un tarif unique de 75.- par ann\u00e9e.<\/p>\n<p>Fiche d&rsquo;admission au club: <a href=\"http:\/\/www.tcgenthod.ch\/machform\/view.php?id=4\">Inscription ICI<\/a><\/p>\n","protected":false},"excerpt":{"rendered":"<p>Finances d&rsquo;entr\u00e9e (CHF) Ages Contribuables \u00e0 Genthod Autres Couples 200.- 200.- Adultes 120.- 120.- AVS d\u00e8s 65\/64 ans 100.- 100.- Etudiants \/ apprentis Carte officielle 100.- 100.- Juniors 12 \u00e0 20 ans 50.- 50.- Minimes jusqu&rsquo;\u00e0 11 ans 20.- 20.- Cotisations (CHF) Ages Contribuables \u00e0 Genthod Autres Et\u00e9 Annuel Et\u00e9 \u00a0Annuel Couples 350.- 540.- 420.- [&hellip;]<\/p>\n","protected":false},"author":1,"featured_media":0,"parent":0,"menu_order":0,"comment_status":"closed","ping_status":"open","template":"","meta":{"footnotes":""},"class_list":["post-46","page","type-page","status-publish","hentry"],"_links":{"self":[{"href":"http:\/\/www.tcgenthod.ch\/index.php?rest_route=\/wp\/v2\/pages\/46","targetHints":{"allow":["GET"]}}],"collection":[{"href":"http:\/\/www.tcgenthod.ch\/index.php?rest_route=\/wp\/v2\/pages"}],"about":[{"href":"http:\/\/www.tcgenthod.ch\/index.php?rest_route=\/wp\/v2\/types\/page"}],"author":[{"embeddable":true,"href":"http:\/\/www.tcgenthod.ch\/index.php?rest_route=\/wp\/v2\/users\/1"}],"replies":[{"embeddable":true,"href":"http:\/\/www.tcgenthod.ch\/index.php?rest_route=%2Fwp%2Fv2%2Fcomments&post=46"}],"version-history":[{"count":29,"href":"http:\/\/www.tcgenthod.ch\/index.php?rest_route=\/wp\/v2\/pages\/46\/revisions"}],"predecessor-version":[{"id":1052,"href":"http:\/\/www.tcgenthod.ch\/index.php?rest_route=\/wp\/v2\/pages\/46\/revisions\/1052"}],"wp:attachment":[{"href":"http:\/\/www.tcgenthod.ch\/index.php?rest_route=%2Fwp%2Fv2%2Fmedia&parent=46"}],"curies":[{"name":"wp","href":"https:\/\/api.w.org\/{rel}","templated":true}]}}